{"id":71,"date":"2019-07-08T14:25:54","date_gmt":"2019-07-08T17:25:54","guid":{"rendered":"http:\/\/www.fetaep.org.br\/eventos\/?page_id=71"},"modified":"2019-07-08T15:00:27","modified_gmt":"2019-07-08T18:00:27","slug":"auditorio-2","status":"publish","type":"page","link":"http:\/\/www.fetaep.org.br\/eventos\/auditorio-2\/","title":{"rendered":"Audit\u00f3rio"},"content":{"rendered":"\n<p>Possu\u00edmos um audit\u00f3rio multim\u00eddia para 160 pessoas.<\/p>\n\n\n\n<div class=\"wp-block-image\"><figure class=\"aligncenter\"><img loading=\"lazy\" width=\"1024\" height=\"765\" src=\"http:\/\/www.fetaep.org.br\/eventos\/wp-content\/uploads\/2019\/07\/auditorio-1024x765.png\" alt=\"\" class=\"wp-image-75\" srcset=\"http:\/\/www.fetaep.org.br\/eventos\/wp-content\/uploads\/2019\/07\/auditorio-1024x765.png 1024w, http:\/\/www.fetaep.org.br\/eventos\/wp-content\/uploads\/2019\/07\/auditorio-300x224.png 300w, http:\/\/www.fetaep.org.br\/eventos\/wp-content\/uploads\/2019\/07\/auditorio-768x574.png 768w, http:\/\/www.fetaep.org.br\/eventos\/wp-content\/uploads\/2019\/07\/auditorio-732x547.png 732w, http:\/\/www.fetaep.org.br\/eventos\/wp-content\/uploads\/2019\/07\/auditorio-1140x851.png 1140w, http:\/\/www.fetaep.org.br\/eventos\/wp-content\/uploads\/2019\/07\/auditorio.png 1920w\" sizes=\"(max-width: 1024px) 100vw, 1024px\" \/><\/figure><\/div>\n\n\n\n<div class=\"wp-block-image\"><figure class=\"aligncenter\"><img loading=\"lazy\" width=\"1024\" height=\"1018\" src=\"http:\/\/www.fetaep.org.br\/eventos\/wp-content\/uploads\/2019\/07\/informacoes_auditorio-1024x1018.png\" alt=\"\" class=\"wp-image-76\" srcset=\"http:\/\/www.fetaep.org.br\/eventos\/wp-content\/uploads\/2019\/07\/informacoes_auditorio-1024x1018.png 1024w, http:\/\/www.fetaep.org.br\/eventos\/wp-content\/uploads\/2019\/07\/informacoes_auditorio-150x150.png 150w, http:\/\/www.fetaep.org.br\/eventos\/wp-content\/uploads\/2019\/07\/informacoes_auditorio-300x298.png 300w, http:\/\/www.fetaep.org.br\/eventos\/wp-content\/uploads\/2019\/07\/informacoes_auditorio-768x763.png 768w, http:\/\/www.fetaep.org.br\/eventos\/wp-content\/uploads\/2019\/07\/informacoes_auditorio-732x727.png 732w, http:\/\/www.fetaep.org.br\/eventos\/wp-content\/uploads\/2019\/07\/informacoes_auditorio-1140x1133.png 1140w, http:\/\/www.fetaep.org.br\/eventos\/wp-content\/uploads\/2019\/07\/informacoes_auditorio.png 1930w\" sizes=\"(max-width: 1024px) 100vw, 1024px\" \/><\/figure><\/div>\n\n\n\n<h2>Confira as fotos do audit\u00f3rio:<\/h2>\n\n\n\n<ul class=\"wp-block-gallery aligncenter columns-3 is-cropped\"><li class=\"blocks-gallery-item\"><figure><img loading=\"lazy\" width=\"1024\" height=\"576\" src=\"http:\/\/www.fetaep.org.br\/eventos\/wp-content\/uploads\/2019\/07\/foto_auditorio3-1024x576.jpg\" alt=\"\" data-id=\"74\" data-link=\"http:\/\/www.fetaep.org.br\/eventos\/foto_auditorio3\/\" class=\"wp-image-74\" srcset=\"http:\/\/www.fetaep.org.br\/eventos\/wp-content\/uploads\/2019\/07\/foto_auditorio3-1024x576.jpg 1024w, http:\/\/www.fetaep.org.br\/eventos\/wp-content\/uploads\/2019\/07\/foto_auditorio3-300x169.jpg 300w, http:\/\/www.fetaep.org.br\/eventos\/wp-content\/uploads\/2019\/07\/foto_auditorio3-768x432.jpg 768w, http:\/\/www.fetaep.org.br\/eventos\/wp-content\/uploads\/2019\/07\/foto_auditorio3-732x412.jpg 732w, http:\/\/www.fetaep.org.br\/eventos\/wp-content\/uploads\/2019\/07\/foto_auditorio3-1140x641.jpg 1140w, http:\/\/www.fetaep.org.br\/eventos\/wp-content\/uploads\/2019\/07\/foto_auditorio3.jpg 1920w\" sizes=\"(max-width: 1024px) 100vw, 1024px\" \/><\/figure><\/li><li class=\"blocks-gallery-item\"><figure><img loading=\"lazy\" width=\"1024\" height=\"576\" src=\"http:\/\/www.fetaep.org.br\/eventos\/wp-content\/uploads\/2019\/07\/foto_auditorio2-1024x576.jpg\" alt=\"\" data-id=\"73\" data-link=\"http:\/\/www.fetaep.org.br\/eventos\/foto_auditorio2\/\" class=\"wp-image-73\" srcset=\"http:\/\/www.fetaep.org.br\/eventos\/wp-content\/uploads\/2019\/07\/foto_auditorio2-1024x576.jpg 1024w, http:\/\/www.fetaep.org.br\/eventos\/wp-content\/uploads\/2019\/07\/foto_auditorio2-300x169.jpg 300w, http:\/\/www.fetaep.org.br\/eventos\/wp-content\/uploads\/2019\/07\/foto_auditorio2-768x432.jpg 768w, http:\/\/www.fetaep.org.br\/eventos\/wp-content\/uploads\/2019\/07\/foto_auditorio2-732x412.jpg 732w, http:\/\/www.fetaep.org.br\/eventos\/wp-content\/uploads\/2019\/07\/foto_auditorio2-1140x641.jpg 1140w, http:\/\/www.fetaep.org.br\/eventos\/wp-content\/uploads\/2019\/07\/foto_auditorio2.jpg 1920w\" sizes=\"(max-width: 1024px) 100vw, 1024px\" \/><\/figure><\/li><li class=\"blocks-gallery-item\"><figure><img loading=\"lazy\" width=\"1024\" height=\"576\" src=\"http:\/\/www.fetaep.org.br\/eventos\/wp-content\/uploads\/2019\/07\/foto_auditorio1-1024x576.jpg\" alt=\"\" data-id=\"72\" data-link=\"http:\/\/www.fetaep.org.br\/eventos\/foto_auditorio1\/\" class=\"wp-image-72\" srcset=\"http:\/\/www.fetaep.org.br\/eventos\/wp-content\/uploads\/2019\/07\/foto_auditorio1-1024x576.jpg 1024w, http:\/\/www.fetaep.org.br\/eventos\/wp-content\/uploads\/2019\/07\/foto_auditorio1-300x169.jpg 300w, http:\/\/www.fetaep.org.br\/eventos\/wp-content\/uploads\/2019\/07\/foto_auditorio1-768x432.jpg 768w, http:\/\/www.fetaep.org.br\/eventos\/wp-content\/uploads\/2019\/07\/foto_auditorio1-732x412.jpg 732w, http:\/\/www.fetaep.org.br\/eventos\/wp-content\/uploads\/2019\/07\/foto_auditorio1-1140x641.jpg 1140w, http:\/\/www.fetaep.org.br\/eventos\/wp-content\/uploads\/2019\/07\/foto_auditorio1.jpg 1920w\" sizes=\"(max-width: 1024px) 100vw, 1024px\" \/><\/figure><\/li><\/ul>\n","protected":false},"excerpt":{"rendered":"<p>Possu\u00edmos um audit\u00f3rio multim\u00eddia para 160 pessoas. Confira as fotos do audit\u00f3rio:<\/p>\n","protected":false},"author":1,"featured_media":0,"parent":0,"menu_order":0,"comment_status":"closed","ping_status":"closed","template":"","meta":[],"yoast_head":"<!-- This site is optimized with the Yoast SEO plugin v17.2 - https:\/\/yoast.com\/wordpress\/plugins\/seo\/ -->\n<title>Audit\u00f3rio - Espa\u00e7o FETAEP<\/title>\n<meta name=\"robots\" content=\"index, follow, max-snippet:-1, max-image-preview:large, max-video-preview:-1\" \/>\n<link rel=\"canonical\" href=\"http:\/\/www.fetaep.org.br\/eventos\/auditorio-2\/\" \/>\n<meta property=\"og:locale\" content=\"pt_BR\" \/>\n<meta property=\"og:type\" content=\"article\" \/>\n<meta property=\"og:title\" content=\"Audit\u00f3rio - Espa\u00e7o FETAEP\" \/>\n<meta property=\"og:description\" content=\"Possu\u00edmos um audit\u00f3rio multim\u00eddia para 160 pessoas. Confira as fotos do audit\u00f3rio:\" \/>\n<meta property=\"og:url\" content=\"http:\/\/www.fetaep.org.br\/eventos\/auditorio-2\/\" \/>\n<meta property=\"og:site_name\" content=\"Espa\u00e7o FETAEP\" \/>\n<meta property=\"article:publisher\" content=\"http:\/\/facebook.com\/fetaep\" \/>\n<meta property=\"article:modified_time\" content=\"2019-07-08T18:00:27+00:00\" \/>\n<meta property=\"og:image\" content=\"http:\/\/www.fetaep.org.br\/eventos\/wp-content\/uploads\/2019\/07\/auditorio-1024x765.png\" \/>\n<meta name=\"twitter:card\" content=\"summary_large_image\" \/>\n<meta name=\"twitter:site\" content=\"@fetagpr\" \/>\n<script type=\"application\/ld+json\" class=\"yoast-schema-graph\">{\"@context\":\"https:\/\/schema.org\",\"@graph\":[{\"@type\":\"WebSite\",\"@id\":\"http:\/\/www.fetaep.org.br\/eventos\/#website\",\"url\":\"http:\/\/www.fetaep.org.br\/eventos\/\",\"name\":\"Espa\\u00e7o FETAEP\",\"description\":\"Venha realizar seu evento conosco!\",\"potentialAction\":[{\"@type\":\"SearchAction\",\"target\":{\"@type\":\"EntryPoint\",\"urlTemplate\":\"http:\/\/www.fetaep.org.br\/eventos\/?s={search_term_string}\"},\"query-input\":\"required name=search_term_string\"}],\"inLanguage\":\"pt-BR\"},{\"@type\":\"ImageObject\",\"@id\":\"http:\/\/www.fetaep.org.br\/eventos\/auditorio-2\/#primaryimage\",\"inLanguage\":\"pt-BR\",\"url\":\"http:\/\/www.fetaep.org.br\/eventos\/wp-content\/uploads\/2019\/07\/auditorio.png\",\"contentUrl\":\"http:\/\/www.fetaep.org.br\/eventos\/wp-content\/uploads\/2019\/07\/auditorio.png\",\"width\":1920,\"height\":1434,\"caption\":\"Audit\\u00f3rio\"},{\"@type\":\"WebPage\",\"@id\":\"http:\/\/www.fetaep.org.br\/eventos\/auditorio-2\/#webpage\",\"url\":\"http:\/\/www.fetaep.org.br\/eventos\/auditorio-2\/\",\"name\":\"Audit\\u00f3rio - Espa\\u00e7o FETAEP\",\"isPartOf\":{\"@id\":\"http:\/\/www.fetaep.org.br\/eventos\/#website\"},\"primaryImageOfPage\":{\"@id\":\"http:\/\/www.fetaep.org.br\/eventos\/auditorio-2\/#primaryimage\"},\"datePublished\":\"2019-07-08T17:25:54+00:00\",\"dateModified\":\"2019-07-08T18:00:27+00:00\",\"breadcrumb\":{\"@id\":\"http:\/\/www.fetaep.org.br\/eventos\/auditorio-2\/#breadcrumb\"},\"inLanguage\":\"pt-BR\",\"potentialAction\":[{\"@type\":\"ReadAction\",\"target\":[\"http:\/\/www.fetaep.org.br\/eventos\/auditorio-2\/\"]}]},{\"@type\":\"BreadcrumbList\",\"@id\":\"http:\/\/www.fetaep.org.br\/eventos\/auditorio-2\/#breadcrumb\",\"itemListElement\":[{\"@type\":\"ListItem\",\"position\":1,\"name\":\"In\\u00edcio\",\"item\":\"http:\/\/www.fetaep.org.br\/eventos\/\"},{\"@type\":\"ListItem\",\"position\":2,\"name\":\"Audit\\u00f3rio\"}]}]}<\/script>\n<!-- \/ Yoast SEO plugin. -->","yoast_head_json":{"title":"Audit\u00f3rio - Espa\u00e7o FETAEP","robots":{"index":"index","follow":"follow","max-snippet":"max-snippet:-1","max-image-preview":"max-image-preview:large","max-video-preview":"max-video-preview:-1"},"canonical":"http:\/\/www.fetaep.org.br\/eventos\/auditorio-2\/","og_locale":"pt_BR","og_type":"article","og_title":"Audit\u00f3rio - Espa\u00e7o FETAEP","og_description":"Possu\u00edmos um audit\u00f3rio multim\u00eddia para 160 pessoas. Confira as fotos do audit\u00f3rio:","og_url":"http:\/\/www.fetaep.org.br\/eventos\/auditorio-2\/","og_site_name":"Espa\u00e7o FETAEP","article_publisher":"http:\/\/facebook.com\/fetaep","article_modified_time":"2019-07-08T18:00:27+00:00","og_image":[{"url":"http:\/\/www.fetaep.org.br\/eventos\/wp-content\/uploads\/2019\/07\/auditorio-1024x765.png"}],"twitter_card":"summary_large_image","twitter_site":"@fetagpr","schema":{"@context":"https:\/\/schema.org","@graph":[{"@type":"WebSite","@id":"http:\/\/www.fetaep.org.br\/eventos\/#website","url":"http:\/\/www.fetaep.org.br\/eventos\/","name":"Espa\u00e7o FETAEP","description":"Venha realizar seu evento conosco!","potentialAction":[{"@type":"SearchAction","target":{"@type":"EntryPoint","urlTemplate":"http:\/\/www.fetaep.org.br\/eventos\/?s={search_term_string}"},"query-input":"required name=search_term_string"}],"inLanguage":"pt-BR"},{"@type":"ImageObject","@id":"http:\/\/www.fetaep.org.br\/eventos\/auditorio-2\/#primaryimage","inLanguage":"pt-BR","url":"http:\/\/www.fetaep.org.br\/eventos\/wp-content\/uploads\/2019\/07\/auditorio.png","contentUrl":"http:\/\/www.fetaep.org.br\/eventos\/wp-content\/uploads\/2019\/07\/auditorio.png","width":1920,"height":1434,"caption":"Audit\u00f3rio"},{"@type":"WebPage","@id":"http:\/\/www.fetaep.org.br\/eventos\/auditorio-2\/#webpage","url":"http:\/\/www.fetaep.org.br\/eventos\/auditorio-2\/","name":"Audit\u00f3rio - Espa\u00e7o FETAEP","isPartOf":{"@id":"http:\/\/www.fetaep.org.br\/eventos\/#website"},"primaryImageOfPage":{"@id":"http:\/\/www.fetaep.org.br\/eventos\/auditorio-2\/#primaryimage"},"datePublished":"2019-07-08T17:25:54+00:00","dateModified":"2019-07-08T18:00:27+00:00","breadcrumb":{"@id":"http:\/\/www.fetaep.org.br\/eventos\/auditorio-2\/#breadcrumb"},"inLanguage":"pt-BR","potentialAction":[{"@type":"ReadAction","target":["http:\/\/www.fetaep.org.br\/eventos\/auditorio-2\/"]}]},{"@type":"BreadcrumbList","@id":"http:\/\/www.fetaep.org.br\/eventos\/auditorio-2\/#breadcrumb","itemListElement":[{"@type":"ListItem","position":1,"name":"In\u00edcio","item":"http:\/\/www.fetaep.org.br\/eventos\/"},{"@type":"ListItem","position":2,"name":"Audit\u00f3rio"}]}]}},"_links":{"self":[{"href":"http:\/\/www.fetaep.org.br\/eventos\/wp-json\/wp\/v2\/pages\/71"}],"collection":[{"href":"http:\/\/www.fetaep.org.br\/eventos\/wp-json\/wp\/v2\/pages"}],"about":[{"href":"http:\/\/www.fetaep.org.br\/eventos\/wp-json\/wp\/v2\/types\/page"}],"author":[{"embeddable":true,"href":"http:\/\/www.fetaep.org.br\/eventos\/wp-json\/wp\/v2\/users\/1"}],"replies":[{"embeddable":true,"href":"http:\/\/www.fetaep.org.br\/eventos\/wp-json\/wp\/v2\/comments?post=71"}],"version-history":[{"count":1,"href":"http:\/\/www.fetaep.org.br\/eventos\/wp-json\/wp\/v2\/pages\/71\/revisions"}],"predecessor-version":[{"id":77,"href":"http:\/\/www.fetaep.org.br\/eventos\/wp-json\/wp\/v2\/pages\/71\/revisions\/77"}],"wp:attachment":[{"href":"http:\/\/www.fetaep.org.br\/eventos\/wp-json\/wp\/v2\/media?parent=71"}],"curies":[{"name":"wp","href":"https:\/\/api.w.org\/{rel}","templated":true}]}}