{"id":115,"date":"2019-07-08T16:05:40","date_gmt":"2019-07-08T19:05:40","guid":{"rendered":"http:\/\/www.fetaep.org.br\/eventos\/?page_id=115"},"modified":"2020-04-29T14:49:04","modified_gmt":"2020-04-29T17:49:04","slug":"informacoes","status":"publish","type":"page","link":"http:\/\/www.fetaep.org.br\/eventos\/informacoes\/","title":{"rendered":"Informa\u00e7\u00f5es"},"content":{"rendered":"\n<div class=\"wp-block-image\"><figure class=\"aligncenter\"><img loading=\"lazy\" width=\"895\" height=\"1024\" src=\"http:\/\/www.fetaep.org.br\/eventos\/wp-content\/uploads\/2020\/04\/informacoes_1024x895_NOVO-895x1024.png\" alt=\"\" class=\"wp-image-155\" srcset=\"http:\/\/www.fetaep.org.br\/eventos\/wp-content\/uploads\/2020\/04\/informacoes_1024x895_NOVO-895x1024.png 895w, http:\/\/www.fetaep.org.br\/eventos\/wp-content\/uploads\/2020\/04\/informacoes_1024x895_NOVO-262x300.png 262w, http:\/\/www.fetaep.org.br\/eventos\/wp-content\/uploads\/2020\/04\/informacoes_1024x895_NOVO-768x879.png 768w, http:\/\/www.fetaep.org.br\/eventos\/wp-content\/uploads\/2020\/04\/informacoes_1024x895_NOVO-732x838.png 732w, http:\/\/www.fetaep.org.br\/eventos\/wp-content\/uploads\/2020\/04\/informacoes_1024x895_NOVO-1140x1305.png 1140w, http:\/\/www.fetaep.org.br\/eventos\/wp-content\/uploads\/2020\/04\/informacoes_1024x895_NOVO.png 1931w\" sizes=\"(max-width: 895px) 100vw, 895px\" \/><\/figure><\/div>\n\n\n\n<div class=\"wp-block-image\"><figure class=\"aligncenter\"><a href=\"https:\/\/goo.gl\/maps\/FQAtnqE4m8eYKGMU6\" target=\"_blank\" rel=\"noreferrer noopener\"><img loading=\"lazy\" width=\"1024\" height=\"746\" src=\"http:\/\/www.fetaep.org.br\/eventos\/wp-content\/uploads\/2019\/07\/informacoes_localizacao-1024x746.png\" alt=\"\" class=\"wp-image-133\" srcset=\"http:\/\/www.fetaep.org.br\/eventos\/wp-content\/uploads\/2019\/07\/informacoes_localizacao-1024x746.png 1024w, http:\/\/www.fetaep.org.br\/eventos\/wp-content\/uploads\/2019\/07\/informacoes_localizacao-300x219.png 300w, http:\/\/www.fetaep.org.br\/eventos\/wp-content\/uploads\/2019\/07\/informacoes_localizacao-768x560.png 768w, http:\/\/www.fetaep.org.br\/eventos\/wp-content\/uploads\/2019\/07\/informacoes_localizacao-732x533.png 732w, http:\/\/www.fetaep.org.br\/eventos\/wp-content\/uploads\/2019\/07\/informacoes_localizacao-1140x831.png 1140w, http:\/\/www.fetaep.org.br\/eventos\/wp-content\/uploads\/2019\/07\/informacoes_localizacao.png 1931w\" sizes=\"(max-width: 1024px) 100vw, 1024px\" \/><\/a><\/figure><\/div>\n\n\n\n<h2>Confira \u00e0s fotos:<\/h2>\n\n\n\n<ul class=\"wp-block-gallery aligncenter columns-3 is-cropped\"><li class=\"blocks-gallery-item\"><figure><a href=\"http:\/\/www.fetaep.org.br\/eventos\/wp-content\/uploads\/2019\/07\/fotos_informacoes_7-1024x683.jpg\"><img loading=\"lazy\" width=\"1024\" height=\"683\" src=\"http:\/\/www.fetaep.org.br\/eventos\/wp-content\/uploads\/2019\/07\/fotos_informacoes_7-1024x683.jpg\" alt=\"\" data-id=\"123\" data-link=\"http:\/\/www.fetaep.org.br\/eventos\/fotos_informacoes_7\/\" class=\"wp-image-123\" srcset=\"http:\/\/www.fetaep.org.br\/eventos\/wp-content\/uploads\/2019\/07\/fotos_informacoes_7-1024x683.jpg 1024w, http:\/\/www.fetaep.org.br\/eventos\/wp-content\/uploads\/2019\/07\/fotos_informacoes_7-300x200.jpg 300w, http:\/\/www.fetaep.org.br\/eventos\/wp-content\/uploads\/2019\/07\/fotos_informacoes_7-768x512.jpg 768w, http:\/\/www.fetaep.org.br\/eventos\/wp-content\/uploads\/2019\/07\/fotos_informacoes_7-732x488.jpg 732w, http:\/\/www.fetaep.org.br\/eventos\/wp-content\/uploads\/2019\/07\/fotos_informacoes_7-1140x760.jpg 1140w, http:\/\/www.fetaep.org.br\/eventos\/wp-content\/uploads\/2019\/07\/fotos_informacoes_7.jpg 1920w\" sizes=\"(max-width: 1024px) 100vw, 1024px\" \/><\/a><\/figure><\/li><li class=\"blocks-gallery-item\"><figure><a href=\"http:\/\/www.fetaep.org.br\/eventos\/wp-content\/uploads\/2019\/07\/fotos_informacoes_3-1024x768.jpg\"><img loading=\"lazy\" width=\"1024\" height=\"768\" src=\"http:\/\/www.fetaep.org.br\/eventos\/wp-content\/uploads\/2019\/07\/fotos_informacoes_3-1024x768.jpg\" alt=\"\" data-id=\"119\" data-link=\"http:\/\/www.fetaep.org.br\/eventos\/fotos_informacoes_3\/\" class=\"wp-image-119\" srcset=\"http:\/\/www.fetaep.org.br\/eventos\/wp-content\/uploads\/2019\/07\/fotos_informacoes_3-1024x768.jpg 1024w, http:\/\/www.fetaep.org.br\/eventos\/wp-content\/uploads\/2019\/07\/fotos_informacoes_3-300x225.jpg 300w, http:\/\/www.fetaep.org.br\/eventos\/wp-content\/uploads\/2019\/07\/fotos_informacoes_3-768x576.jpg 768w, http:\/\/www.fetaep.org.br\/eventos\/wp-content\/uploads\/2019\/07\/fotos_informacoes_3-732x549.jpg 732w, http:\/\/www.fetaep.org.br\/eventos\/wp-content\/uploads\/2019\/07\/fotos_informacoes_3-1140x855.jpg 1140w, http:\/\/www.fetaep.org.br\/eventos\/wp-content\/uploads\/2019\/07\/fotos_informacoes_3.jpg 1920w\" sizes=\"(max-width: 1024px) 100vw, 1024px\" \/><\/a><\/figure><\/li><li class=\"blocks-gallery-item\"><figure><a href=\"http:\/\/www.fetaep.org.br\/eventos\/wp-content\/uploads\/2019\/07\/fotos_informacoes_5-1024x683.jpg\"><img loading=\"lazy\" width=\"1024\" height=\"683\" src=\"http:\/\/www.fetaep.org.br\/eventos\/wp-content\/uploads\/2019\/07\/fotos_informacoes_5-1024x683.jpg\" alt=\"\" data-id=\"121\" data-link=\"http:\/\/www.fetaep.org.br\/eventos\/fotos_informacoes_5\/\" class=\"wp-image-121\" srcset=\"http:\/\/www.fetaep.org.br\/eventos\/wp-content\/uploads\/2019\/07\/fotos_informacoes_5-1024x683.jpg 1024w, http:\/\/www.fetaep.org.br\/eventos\/wp-content\/uploads\/2019\/07\/fotos_informacoes_5-300x200.jpg 300w, http:\/\/www.fetaep.org.br\/eventos\/wp-content\/uploads\/2019\/07\/fotos_informacoes_5-768x512.jpg 768w, http:\/\/www.fetaep.org.br\/eventos\/wp-content\/uploads\/2019\/07\/fotos_informacoes_5-732x488.jpg 732w, http:\/\/www.fetaep.org.br\/eventos\/wp-content\/uploads\/2019\/07\/fotos_informacoes_5-1140x760.jpg 1140w, http:\/\/www.fetaep.org.br\/eventos\/wp-content\/uploads\/2019\/07\/fotos_informacoes_5.jpg 1920w\" sizes=\"(max-width: 1024px) 100vw, 1024px\" \/><\/a><\/figure><\/li><li class=\"blocks-gallery-item\"><figure><a href=\"http:\/\/www.fetaep.org.br\/eventos\/wp-content\/uploads\/2019\/07\/fotos_informacoes_4-768x1024.jpg\"><img loading=\"lazy\" width=\"768\" height=\"1024\" src=\"http:\/\/www.fetaep.org.br\/eventos\/wp-content\/uploads\/2019\/07\/fotos_informacoes_4-768x1024.jpg\" alt=\"\" data-id=\"129\" data-link=\"http:\/\/www.fetaep.org.br\/eventos\/informacoes\/fotos_informacoes_4\/#main\" class=\"wp-image-129\" srcset=\"http:\/\/www.fetaep.org.br\/eventos\/wp-content\/uploads\/2019\/07\/fotos_informacoes_4-768x1024.jpg 768w, http:\/\/www.fetaep.org.br\/eventos\/wp-content\/uploads\/2019\/07\/fotos_informacoes_4-225x300.jpg 225w, http:\/\/www.fetaep.org.br\/eventos\/wp-content\/uploads\/2019\/07\/fotos_informacoes_4-732x976.jpg 732w, http:\/\/www.fetaep.org.br\/eventos\/wp-content\/uploads\/2019\/07\/fotos_informacoes_4-1140x1520.jpg 1140w, http:\/\/www.fetaep.org.br\/eventos\/wp-content\/uploads\/2019\/07\/fotos_informacoes_4.jpg 1440w\" sizes=\"(max-width: 768px) 100vw, 768px\" \/><\/a><\/figure><\/li><li class=\"blocks-gallery-item\"><figure><a href=\"http:\/\/www.fetaep.org.br\/eventos\/wp-content\/uploads\/2019\/07\/fotos_informacoes_6-1024x683.jpg\"><img loading=\"lazy\" width=\"1024\" height=\"683\" src=\"http:\/\/www.fetaep.org.br\/eventos\/wp-content\/uploads\/2019\/07\/fotos_informacoes_6-1024x683.jpg\" alt=\"\" data-id=\"122\" data-link=\"http:\/\/www.fetaep.org.br\/eventos\/fotos_informacoes_6\/\" class=\"wp-image-122\" srcset=\"http:\/\/www.fetaep.org.br\/eventos\/wp-content\/uploads\/2019\/07\/fotos_informacoes_6-1024x683.jpg 1024w, http:\/\/www.fetaep.org.br\/eventos\/wp-content\/uploads\/2019\/07\/fotos_informacoes_6-300x200.jpg 300w, http:\/\/www.fetaep.org.br\/eventos\/wp-content\/uploads\/2019\/07\/fotos_informacoes_6-768x512.jpg 768w, http:\/\/www.fetaep.org.br\/eventos\/wp-content\/uploads\/2019\/07\/fotos_informacoes_6-732x488.jpg 732w, http:\/\/www.fetaep.org.br\/eventos\/wp-content\/uploads\/2019\/07\/fotos_informacoes_6-1140x760.jpg 1140w, http:\/\/www.fetaep.org.br\/eventos\/wp-content\/uploads\/2019\/07\/fotos_informacoes_6.jpg 1920w\" sizes=\"(max-width: 1024px) 100vw, 1024px\" \/><\/a><\/figure><\/li><li class=\"blocks-gallery-item\"><figure><a href=\"http:\/\/www.fetaep.org.br\/eventos\/wp-content\/uploads\/2019\/07\/fotos_informacoes_1-1024x683.jpg\"><img loading=\"lazy\" width=\"1024\" height=\"683\" src=\"http:\/\/www.fetaep.org.br\/eventos\/wp-content\/uploads\/2019\/07\/fotos_informacoes_1-1024x683.jpg\" alt=\"\" data-id=\"117\" data-link=\"http:\/\/www.fetaep.org.br\/eventos\/fotos_informacoes_1\/\" class=\"wp-image-117\" srcset=\"http:\/\/www.fetaep.org.br\/eventos\/wp-content\/uploads\/2019\/07\/fotos_informacoes_1-1024x683.jpg 1024w, http:\/\/www.fetaep.org.br\/eventos\/wp-content\/uploads\/2019\/07\/fotos_informacoes_1-300x200.jpg 300w, http:\/\/www.fetaep.org.br\/eventos\/wp-content\/uploads\/2019\/07\/fotos_informacoes_1-768x512.jpg 768w, http:\/\/www.fetaep.org.br\/eventos\/wp-content\/uploads\/2019\/07\/fotos_informacoes_1-732x488.jpg 732w, http:\/\/www.fetaep.org.br\/eventos\/wp-content\/uploads\/2019\/07\/fotos_informacoes_1-1140x760.jpg 1140w, http:\/\/www.fetaep.org.br\/eventos\/wp-content\/uploads\/2019\/07\/fotos_informacoes_1.jpg 1920w\" sizes=\"(max-width: 1024px) 100vw, 1024px\" \/><\/a><\/figure><\/li><li class=\"blocks-gallery-item\"><figure><a href=\"http:\/\/www.fetaep.org.br\/eventos\/wp-content\/uploads\/2019\/07\/fotos_informacoes_2-1024x683.jpg\"><img loading=\"lazy\" width=\"1024\" height=\"683\" src=\"http:\/\/www.fetaep.org.br\/eventos\/wp-content\/uploads\/2019\/07\/fotos_informacoes_2-1024x683.jpg\" alt=\"\" data-id=\"118\" data-link=\"http:\/\/www.fetaep.org.br\/eventos\/fotos_informacoes_2\/\" class=\"wp-image-118\" srcset=\"http:\/\/www.fetaep.org.br\/eventos\/wp-content\/uploads\/2019\/07\/fotos_informacoes_2-1024x683.jpg 1024w, http:\/\/www.fetaep.org.br\/eventos\/wp-content\/uploads\/2019\/07\/fotos_informacoes_2-300x200.jpg 300w, http:\/\/www.fetaep.org.br\/eventos\/wp-content\/uploads\/2019\/07\/fotos_informacoes_2-768x512.jpg 768w, http:\/\/www.fetaep.org.br\/eventos\/wp-content\/uploads\/2019\/07\/fotos_informacoes_2-732x488.jpg 732w, http:\/\/www.fetaep.org.br\/eventos\/wp-content\/uploads\/2019\/07\/fotos_informacoes_2-1140x760.jpg 1140w, http:\/\/www.fetaep.org.br\/eventos\/wp-content\/uploads\/2019\/07\/fotos_informacoes_2.jpg 1920w\" sizes=\"(max-width: 1024px) 100vw, 1024px\" \/><\/a><\/figure><\/li><li class=\"blocks-gallery-item\"><figure><a href=\"http:\/\/www.fetaep.org.br\/eventos\/wp-content\/uploads\/2019\/07\/fotos_informacoes_8-1024x683.jpg\"><img loading=\"lazy\" width=\"1024\" height=\"683\" src=\"http:\/\/www.fetaep.org.br\/eventos\/wp-content\/uploads\/2019\/07\/fotos_informacoes_8-1024x683.jpg\" alt=\"\" data-id=\"124\" data-link=\"http:\/\/www.fetaep.org.br\/eventos\/fotos_informacoes_8\/\" class=\"wp-image-124\" srcset=\"http:\/\/www.fetaep.org.br\/eventos\/wp-content\/uploads\/2019\/07\/fotos_informacoes_8-1024x683.jpg 1024w, http:\/\/www.fetaep.org.br\/eventos\/wp-content\/uploads\/2019\/07\/fotos_informacoes_8-300x200.jpg 300w, http:\/\/www.fetaep.org.br\/eventos\/wp-content\/uploads\/2019\/07\/fotos_informacoes_8-768x512.jpg 768w, http:\/\/www.fetaep.org.br\/eventos\/wp-content\/uploads\/2019\/07\/fotos_informacoes_8-732x488.jpg 732w, http:\/\/www.fetaep.org.br\/eventos\/wp-content\/uploads\/2019\/07\/fotos_informacoes_8-1140x760.jpg 1140w, http:\/\/www.fetaep.org.br\/eventos\/wp-content\/uploads\/2019\/07\/fotos_informacoes_8.jpg 1920w\" sizes=\"(max-width: 1024px) 100vw, 1024px\" \/><\/a><\/figure><\/li><li class=\"blocks-gallery-item\"><figure><a href=\"http:\/\/www.fetaep.org.br\/eventos\/wp-content\/uploads\/2019\/07\/fotos_informacoes_9-1024x683.jpg\"><img loading=\"lazy\" width=\"1024\" height=\"683\" src=\"http:\/\/www.fetaep.org.br\/eventos\/wp-content\/uploads\/2019\/07\/fotos_informacoes_9-1024x683.jpg\" alt=\"\" data-id=\"125\" data-link=\"http:\/\/www.fetaep.org.br\/eventos\/fotos_informacoes_9\/\" class=\"wp-image-125\" srcset=\"http:\/\/www.fetaep.org.br\/eventos\/wp-content\/uploads\/2019\/07\/fotos_informacoes_9-1024x683.jpg 1024w, http:\/\/www.fetaep.org.br\/eventos\/wp-content\/uploads\/2019\/07\/fotos_informacoes_9-300x200.jpg 300w, http:\/\/www.fetaep.org.br\/eventos\/wp-content\/uploads\/2019\/07\/fotos_informacoes_9-768x512.jpg 768w, http:\/\/www.fetaep.org.br\/eventos\/wp-content\/uploads\/2019\/07\/fotos_informacoes_9-732x488.jpg 732w, http:\/\/www.fetaep.org.br\/eventos\/wp-content\/uploads\/2019\/07\/fotos_informacoes_9-1140x760.jpg 1140w, http:\/\/www.fetaep.org.br\/eventos\/wp-content\/uploads\/2019\/07\/fotos_informacoes_9.jpg 1920w\" sizes=\"(max-width: 1024px) 100vw, 1024px\" \/><\/a><\/figure><\/li><\/ul>\n","protected":false},"excerpt":{"rendered":"<p>Confira \u00e0s fotos:<\/p>\n","protected":false},"author":1,"featured_media":0,"parent":0,"menu_order":0,"comment_status":"closed","ping_status":"closed","template":"","meta":[],"yoast_head":"<!-- This site is optimized with the Yoast SEO plugin v17.2 - https:\/\/yoast.com\/wordpress\/plugins\/seo\/ -->\n<title>Informa\u00e7\u00f5es - Espa\u00e7o FETAEP<\/title>\n<meta name=\"robots\" content=\"index, follow, max-snippet:-1, max-image-preview:large, max-video-preview:-1\" \/>\n<link rel=\"canonical\" href=\"http:\/\/www.fetaep.org.br\/eventos\/informacoes\/\" \/>\n<meta property=\"og:locale\" content=\"pt_BR\" \/>\n<meta property=\"og:type\" content=\"article\" \/>\n<meta property=\"og:title\" content=\"Informa\u00e7\u00f5es - Espa\u00e7o FETAEP\" \/>\n<meta property=\"og:description\" content=\"Confira \u00e0s fotos:\" \/>\n<meta property=\"og:url\" content=\"http:\/\/www.fetaep.org.br\/eventos\/informacoes\/\" \/>\n<meta property=\"og:site_name\" content=\"Espa\u00e7o FETAEP\" \/>\n<meta property=\"article:publisher\" content=\"http:\/\/facebook.com\/fetaep\" \/>\n<meta property=\"article:modified_time\" content=\"2020-04-29T17:49:04+00:00\" \/>\n<meta property=\"og:image\" content=\"http:\/\/www.fetaep.org.br\/eventos\/wp-content\/uploads\/2020\/04\/informacoes_1024x895_NOVO-895x1024.png\" \/>\n<meta name=\"twitter:card\" content=\"summary_large_image\" \/>\n<meta name=\"twitter:site\" content=\"@fetagpr\" \/>\n<script type=\"application\/ld+json\" class=\"yoast-schema-graph\">{\"@context\":\"https:\/\/schema.org\",\"@graph\":[{\"@type\":\"WebSite\",\"@id\":\"http:\/\/www.fetaep.org.br\/eventos\/#website\",\"url\":\"http:\/\/www.fetaep.org.br\/eventos\/\",\"name\":\"Espa\\u00e7o FETAEP\",\"description\":\"Venha realizar seu evento conosco!\",\"potentialAction\":[{\"@type\":\"SearchAction\",\"target\":{\"@type\":\"EntryPoint\",\"urlTemplate\":\"http:\/\/www.fetaep.org.br\/eventos\/?s={search_term_string}\"},\"query-input\":\"required name=search_term_string\"}],\"inLanguage\":\"pt-BR\"},{\"@type\":\"ImageObject\",\"@id\":\"http:\/\/www.fetaep.org.br\/eventos\/informacoes\/#primaryimage\",\"inLanguage\":\"pt-BR\",\"url\":\"http:\/\/www.fetaep.org.br\/eventos\/wp-content\/uploads\/2020\/04\/informacoes_1024x895_NOVO.png\",\"contentUrl\":\"http:\/\/www.fetaep.org.br\/eventos\/wp-content\/uploads\/2020\/04\/informacoes_1024x895_NOVO.png\",\"width\":1931,\"height\":2210},{\"@type\":\"WebPage\",\"@id\":\"http:\/\/www.fetaep.org.br\/eventos\/informacoes\/#webpage\",\"url\":\"http:\/\/www.fetaep.org.br\/eventos\/informacoes\/\",\"name\":\"Informa\\u00e7\\u00f5es - Espa\\u00e7o FETAEP\",\"isPartOf\":{\"@id\":\"http:\/\/www.fetaep.org.br\/eventos\/#website\"},\"primaryImageOfPage\":{\"@id\":\"http:\/\/www.fetaep.org.br\/eventos\/informacoes\/#primaryimage\"},\"datePublished\":\"2019-07-08T19:05:40+00:00\",\"dateModified\":\"2020-04-29T17:49:04+00:00\",\"breadcrumb\":{\"@id\":\"http:\/\/www.fetaep.org.br\/eventos\/informacoes\/#breadcrumb\"},\"inLanguage\":\"pt-BR\",\"potentialAction\":[{\"@type\":\"ReadAction\",\"target\":[\"http:\/\/www.fetaep.org.br\/eventos\/informacoes\/\"]}]},{\"@type\":\"BreadcrumbList\",\"@id\":\"http:\/\/www.fetaep.org.br\/eventos\/informacoes\/#breadcrumb\",\"itemListElement\":[{\"@type\":\"ListItem\",\"position\":1,\"name\":\"In\\u00edcio\",\"item\":\"http:\/\/www.fetaep.org.br\/eventos\/\"},{\"@type\":\"ListItem\",\"position\":2,\"name\":\"Informa\\u00e7\\u00f5es\"}]}]}<\/script>\n<!-- \/ Yoast SEO plugin. -->","yoast_head_json":{"title":"Informa\u00e7\u00f5es - Espa\u00e7o FETAEP","robots":{"index":"index","follow":"follow","max-snippet":"max-snippet:-1","max-image-preview":"max-image-preview:large","max-video-preview":"max-video-preview:-1"},"canonical":"http:\/\/www.fetaep.org.br\/eventos\/informacoes\/","og_locale":"pt_BR","og_type":"article","og_title":"Informa\u00e7\u00f5es - Espa\u00e7o FETAEP","og_description":"Confira \u00e0s fotos:","og_url":"http:\/\/www.fetaep.org.br\/eventos\/informacoes\/","og_site_name":"Espa\u00e7o FETAEP","article_publisher":"http:\/\/facebook.com\/fetaep","article_modified_time":"2020-04-29T17:49:04+00:00","og_image":[{"url":"http:\/\/www.fetaep.org.br\/eventos\/wp-content\/uploads\/2020\/04\/informacoes_1024x895_NOVO-895x1024.png"}],"twitter_card":"summary_large_image","twitter_site":"@fetagpr","schema":{"@context":"https:\/\/schema.org","@graph":[{"@type":"WebSite","@id":"http:\/\/www.fetaep.org.br\/eventos\/#website","url":"http:\/\/www.fetaep.org.br\/eventos\/","name":"Espa\u00e7o FETAEP","description":"Venha realizar seu evento conosco!","potentialAction":[{"@type":"SearchAction","target":{"@type":"EntryPoint","urlTemplate":"http:\/\/www.fetaep.org.br\/eventos\/?s={search_term_string}"},"query-input":"required name=search_term_string"}],"inLanguage":"pt-BR"},{"@type":"ImageObject","@id":"http:\/\/www.fetaep.org.br\/eventos\/informacoes\/#primaryimage","inLanguage":"pt-BR","url":"http:\/\/www.fetaep.org.br\/eventos\/wp-content\/uploads\/2020\/04\/informacoes_1024x895_NOVO.png","contentUrl":"http:\/\/www.fetaep.org.br\/eventos\/wp-content\/uploads\/2020\/04\/informacoes_1024x895_NOVO.png","width":1931,"height":2210},{"@type":"WebPage","@id":"http:\/\/www.fetaep.org.br\/eventos\/informacoes\/#webpage","url":"http:\/\/www.fetaep.org.br\/eventos\/informacoes\/","name":"Informa\u00e7\u00f5es - Espa\u00e7o FETAEP","isPartOf":{"@id":"http:\/\/www.fetaep.org.br\/eventos\/#website"},"primaryImageOfPage":{"@id":"http:\/\/www.fetaep.org.br\/eventos\/informacoes\/#primaryimage"},"datePublished":"2019-07-08T19:05:40+00:00","dateModified":"2020-04-29T17:49:04+00:00","breadcrumb":{"@id":"http:\/\/www.fetaep.org.br\/eventos\/informacoes\/#breadcrumb"},"inLanguage":"pt-BR","potentialAction":[{"@type":"ReadAction","target":["http:\/\/www.fetaep.org.br\/eventos\/informacoes\/"]}]},{"@type":"BreadcrumbList","@id":"http:\/\/www.fetaep.org.br\/eventos\/informacoes\/#breadcrumb","itemListElement":[{"@type":"ListItem","position":1,"name":"In\u00edcio","item":"http:\/\/www.fetaep.org.br\/eventos\/"},{"@type":"ListItem","position":2,"name":"Informa\u00e7\u00f5es"}]}]}},"_links":{"self":[{"href":"http:\/\/www.fetaep.org.br\/eventos\/wp-json\/wp\/v2\/pages\/115"}],"collection":[{"href":"http:\/\/www.fetaep.org.br\/eventos\/wp-json\/wp\/v2\/pages"}],"about":[{"href":"http:\/\/www.fetaep.org.br\/eventos\/wp-json\/wp\/v2\/types\/page"}],"author":[{"embeddable":true,"href":"http:\/\/www.fetaep.org.br\/eventos\/wp-json\/wp\/v2\/users\/1"}],"replies":[{"embeddable":true,"href":"http:\/\/www.fetaep.org.br\/eventos\/wp-json\/wp\/v2\/comments?post=115"}],"version-history":[{"count":7,"href":"http:\/\/www.fetaep.org.br\/eventos\/wp-json\/wp\/v2\/pages\/115\/revisions"}],"predecessor-version":[{"id":157,"href":"http:\/\/www.fetaep.org.br\/eventos\/wp-json\/wp\/v2\/pages\/115\/revisions\/157"}],"wp:attachment":[{"href":"http:\/\/www.fetaep.org.br\/eventos\/wp-json\/wp\/v2\/media?parent=115"}],"curies":[{"name":"wp","href":"https:\/\/api.w.org\/{rel}","templated":true}]}}