{"id":109,"date":"2019-07-08T15:47:53","date_gmt":"2019-07-08T18:47:53","guid":{"rendered":"http:\/\/www.fetaep.org.br\/eventos\/?page_id=109"},"modified":"2020-04-29T14:02:25","modified_gmt":"2020-04-29T17:02:25","slug":"sala-de-reunioes","status":"publish","type":"page","link":"http:\/\/www.fetaep.org.br\/eventos\/sala-de-reunioes\/","title":{"rendered":"Sala Reuni\u00e3o"},"content":{"rendered":"\n<figure class=\"wp-block-image\"><img loading=\"lazy\" width=\"1024\" height=\"765\" src=\"http:\/\/www.fetaep.org.br\/eventos\/wp-content\/uploads\/2020\/04\/sala_de_reuniao_foto0-1024x765-1024x765.png\" alt=\"\" class=\"wp-image-148\" srcset=\"http:\/\/www.fetaep.org.br\/eventos\/wp-content\/uploads\/2020\/04\/sala_de_reuniao_foto0-1024x765.png 1024w, http:\/\/www.fetaep.org.br\/eventos\/wp-content\/uploads\/2020\/04\/sala_de_reuniao_foto0-1024x765-300x224.png 300w, http:\/\/www.fetaep.org.br\/eventos\/wp-content\/uploads\/2020\/04\/sala_de_reuniao_foto0-1024x765-768x574.png 768w, http:\/\/www.fetaep.org.br\/eventos\/wp-content\/uploads\/2020\/04\/sala_de_reuniao_foto0-1024x765-732x547.png 732w\" sizes=\"(max-width: 1024px) 100vw, 1024px\" \/><\/figure>\n\n\n\n<div class=\"wp-block-image\"><figure class=\"aligncenter\"><img loading=\"lazy\" width=\"1024\" height=\"833\" src=\"http:\/\/www.fetaep.org.br\/eventos\/wp-content\/uploads\/2019\/07\/sala_de_reuniao_informacoes-1024x833.png\" alt=\"\" class=\"wp-image-113\" srcset=\"http:\/\/www.fetaep.org.br\/eventos\/wp-content\/uploads\/2019\/07\/sala_de_reuniao_informacoes-1024x833.png 1024w, http:\/\/www.fetaep.org.br\/eventos\/wp-content\/uploads\/2019\/07\/sala_de_reuniao_informacoes-300x244.png 300w, http:\/\/www.fetaep.org.br\/eventos\/wp-content\/uploads\/2019\/07\/sala_de_reuniao_informacoes-768x625.png 768w, http:\/\/www.fetaep.org.br\/eventos\/wp-content\/uploads\/2019\/07\/sala_de_reuniao_informacoes-732x596.png 732w, http:\/\/www.fetaep.org.br\/eventos\/wp-content\/uploads\/2019\/07\/sala_de_reuniao_informacoes-1140x927.png 1140w, http:\/\/www.fetaep.org.br\/eventos\/wp-content\/uploads\/2019\/07\/sala_de_reuniao_informacoes.png 1931w\" sizes=\"(max-width: 1024px) 100vw, 1024px\" \/><\/figure><\/div>\n\n\n\n<h2>Confira as fotos da sala de reuni\u00f5es:<\/h2>\n\n\n\n<ul class=\"wp-block-gallery aligncenter columns-2 is-cropped\"><li class=\"blocks-gallery-item\"><figure><img loading=\"lazy\" width=\"1024\" height=\"576\" src=\"http:\/\/www.fetaep.org.br\/eventos\/wp-content\/uploads\/2019\/07\/sala_de_reuniao_foto2-1024x576.jpg\" alt=\"\" data-id=\"112\" data-link=\"http:\/\/www.fetaep.org.br\/eventos\/sala_de_reuniao_foto2\/\" class=\"wp-image-112\" srcset=\"http:\/\/www.fetaep.org.br\/eventos\/wp-content\/uploads\/2019\/07\/sala_de_reuniao_foto2-1024x576.jpg 1024w, http:\/\/www.fetaep.org.br\/eventos\/wp-content\/uploads\/2019\/07\/sala_de_reuniao_foto2-300x169.jpg 300w, http:\/\/www.fetaep.org.br\/eventos\/wp-content\/uploads\/2019\/07\/sala_de_reuniao_foto2-768x432.jpg 768w, http:\/\/www.fetaep.org.br\/eventos\/wp-content\/uploads\/2019\/07\/sala_de_reuniao_foto2-732x412.jpg 732w, http:\/\/www.fetaep.org.br\/eventos\/wp-content\/uploads\/2019\/07\/sala_de_reuniao_foto2-1140x641.jpg 1140w, http:\/\/www.fetaep.org.br\/eventos\/wp-content\/uploads\/2019\/07\/sala_de_reuniao_foto2.jpg 1920w\" sizes=\"(max-width: 1024px) 100vw, 1024px\" \/><\/figure><\/li><li class=\"blocks-gallery-item\"><figure><img loading=\"lazy\" width=\"1024\" height=\"576\" src=\"http:\/\/www.fetaep.org.br\/eventos\/wp-content\/uploads\/2019\/07\/sala_de_reuniao_foto1-1024x576.jpg\" alt=\"\" data-id=\"111\" data-link=\"http:\/\/www.fetaep.org.br\/eventos\/sala_de_reuniao_foto1\/\" class=\"wp-image-111\" srcset=\"http:\/\/www.fetaep.org.br\/eventos\/wp-content\/uploads\/2019\/07\/sala_de_reuniao_foto1-1024x576.jpg 1024w, http:\/\/www.fetaep.org.br\/eventos\/wp-content\/uploads\/2019\/07\/sala_de_reuniao_foto1-300x169.jpg 300w, http:\/\/www.fetaep.org.br\/eventos\/wp-content\/uploads\/2019\/07\/sala_de_reuniao_foto1-768x432.jpg 768w, http:\/\/www.fetaep.org.br\/eventos\/wp-content\/uploads\/2019\/07\/sala_de_reuniao_foto1-732x412.jpg 732w, http:\/\/www.fetaep.org.br\/eventos\/wp-content\/uploads\/2019\/07\/sala_de_reuniao_foto1-1140x641.jpg 1140w, http:\/\/www.fetaep.org.br\/eventos\/wp-content\/uploads\/2019\/07\/sala_de_reuniao_foto1.jpg 1920w\" sizes=\"(max-width: 1024px) 100vw, 1024px\" \/><\/figure><\/li><\/ul>\n","protected":false},"excerpt":{"rendered":"<p>Confira as fotos da sala de reuni\u00f5es:<\/p>\n","protected":false},"author":1,"featured_media":0,"parent":0,"menu_order":0,"comment_status":"closed","ping_status":"closed","template":"","meta":[],"yoast_head":"<!-- This site is optimized with the Yoast SEO plugin v17.2 - https:\/\/yoast.com\/wordpress\/plugins\/seo\/ -->\n<title>Sala Reuni\u00e3o - Espa\u00e7o FETAEP<\/title>\n<meta name=\"robots\" content=\"index, follow, max-snippet:-1, max-image-preview:large, max-video-preview:-1\" \/>\n<link rel=\"canonical\" href=\"http:\/\/www.fetaep.org.br\/eventos\/sala-de-reunioes\/\" \/>\n<meta property=\"og:locale\" content=\"pt_BR\" \/>\n<meta property=\"og:type\" content=\"article\" \/>\n<meta property=\"og:title\" content=\"Sala Reuni\u00e3o - Espa\u00e7o FETAEP\" \/>\n<meta property=\"og:description\" content=\"Confira as fotos da sala de reuni\u00f5es:\" \/>\n<meta property=\"og:url\" content=\"http:\/\/www.fetaep.org.br\/eventos\/sala-de-reunioes\/\" \/>\n<meta property=\"og:site_name\" content=\"Espa\u00e7o FETAEP\" \/>\n<meta property=\"article:publisher\" content=\"http:\/\/facebook.com\/fetaep\" \/>\n<meta property=\"article:modified_time\" content=\"2020-04-29T17:02:25+00:00\" \/>\n<meta property=\"og:image\" content=\"http:\/\/www.fetaep.org.br\/eventos\/wp-content\/uploads\/2020\/04\/sala_de_reuniao_foto0-1024x765-1024x765.png\" \/>\n<meta name=\"twitter:card\" content=\"summary_large_image\" \/>\n<meta name=\"twitter:site\" content=\"@fetagpr\" \/>\n<script type=\"application\/ld+json\" class=\"yoast-schema-graph\">{\"@context\":\"https:\/\/schema.org\",\"@graph\":[{\"@type\":\"WebSite\",\"@id\":\"http:\/\/www.fetaep.org.br\/eventos\/#website\",\"url\":\"http:\/\/www.fetaep.org.br\/eventos\/\",\"name\":\"Espa\\u00e7o FETAEP\",\"description\":\"Venha realizar seu evento conosco!\",\"potentialAction\":[{\"@type\":\"SearchAction\",\"target\":{\"@type\":\"EntryPoint\",\"urlTemplate\":\"http:\/\/www.fetaep.org.br\/eventos\/?s={search_term_string}\"},\"query-input\":\"required name=search_term_string\"}],\"inLanguage\":\"pt-BR\"},{\"@type\":\"ImageObject\",\"@id\":\"http:\/\/www.fetaep.org.br\/eventos\/sala-de-reunioes\/#primaryimage\",\"inLanguage\":\"pt-BR\",\"url\":\"http:\/\/www.fetaep.org.br\/eventos\/wp-content\/uploads\/2020\/04\/sala_de_reuniao_foto0-1024x765-1024x765.png\",\"contentUrl\":\"http:\/\/www.fetaep.org.br\/eventos\/wp-content\/uploads\/2020\/04\/sala_de_reuniao_foto0-1024x765-1024x765.png\"},{\"@type\":\"WebPage\",\"@id\":\"http:\/\/www.fetaep.org.br\/eventos\/sala-de-reunioes\/#webpage\",\"url\":\"http:\/\/www.fetaep.org.br\/eventos\/sala-de-reunioes\/\",\"name\":\"Sala Reuni\\u00e3o - Espa\\u00e7o FETAEP\",\"isPartOf\":{\"@id\":\"http:\/\/www.fetaep.org.br\/eventos\/#website\"},\"primaryImageOfPage\":{\"@id\":\"http:\/\/www.fetaep.org.br\/eventos\/sala-de-reunioes\/#primaryimage\"},\"datePublished\":\"2019-07-08T18:47:53+00:00\",\"dateModified\":\"2020-04-29T17:02:25+00:00\",\"breadcrumb\":{\"@id\":\"http:\/\/www.fetaep.org.br\/eventos\/sala-de-reunioes\/#breadcrumb\"},\"inLanguage\":\"pt-BR\",\"potentialAction\":[{\"@type\":\"ReadAction\",\"target\":[\"http:\/\/www.fetaep.org.br\/eventos\/sala-de-reunioes\/\"]}]},{\"@type\":\"BreadcrumbList\",\"@id\":\"http:\/\/www.fetaep.org.br\/eventos\/sala-de-reunioes\/#breadcrumb\",\"itemListElement\":[{\"@type\":\"ListItem\",\"position\":1,\"name\":\"In\\u00edcio\",\"item\":\"http:\/\/www.fetaep.org.br\/eventos\/\"},{\"@type\":\"ListItem\",\"position\":2,\"name\":\"Sala Reuni\\u00e3o\"}]}]}<\/script>\n<!-- \/ Yoast SEO plugin. -->","yoast_head_json":{"title":"Sala Reuni\u00e3o - Espa\u00e7o FETAEP","robots":{"index":"index","follow":"follow","max-snippet":"max-snippet:-1","max-image-preview":"max-image-preview:large","max-video-preview":"max-video-preview:-1"},"canonical":"http:\/\/www.fetaep.org.br\/eventos\/sala-de-reunioes\/","og_locale":"pt_BR","og_type":"article","og_title":"Sala Reuni\u00e3o - Espa\u00e7o FETAEP","og_description":"Confira as fotos da sala de reuni\u00f5es:","og_url":"http:\/\/www.fetaep.org.br\/eventos\/sala-de-reunioes\/","og_site_name":"Espa\u00e7o FETAEP","article_publisher":"http:\/\/facebook.com\/fetaep","article_modified_time":"2020-04-29T17:02:25+00:00","og_image":[{"url":"http:\/\/www.fetaep.org.br\/eventos\/wp-content\/uploads\/2020\/04\/sala_de_reuniao_foto0-1024x765-1024x765.png"}],"twitter_card":"summary_large_image","twitter_site":"@fetagpr","schema":{"@context":"https:\/\/schema.org","@graph":[{"@type":"WebSite","@id":"http:\/\/www.fetaep.org.br\/eventos\/#website","url":"http:\/\/www.fetaep.org.br\/eventos\/","name":"Espa\u00e7o FETAEP","description":"Venha realizar seu evento conosco!","potentialAction":[{"@type":"SearchAction","target":{"@type":"EntryPoint","urlTemplate":"http:\/\/www.fetaep.org.br\/eventos\/?s={search_term_string}"},"query-input":"required name=search_term_string"}],"inLanguage":"pt-BR"},{"@type":"ImageObject","@id":"http:\/\/www.fetaep.org.br\/eventos\/sala-de-reunioes\/#primaryimage","inLanguage":"pt-BR","url":"http:\/\/www.fetaep.org.br\/eventos\/wp-content\/uploads\/2020\/04\/sala_de_reuniao_foto0-1024x765-1024x765.png","contentUrl":"http:\/\/www.fetaep.org.br\/eventos\/wp-content\/uploads\/2020\/04\/sala_de_reuniao_foto0-1024x765-1024x765.png"},{"@type":"WebPage","@id":"http:\/\/www.fetaep.org.br\/eventos\/sala-de-reunioes\/#webpage","url":"http:\/\/www.fetaep.org.br\/eventos\/sala-de-reunioes\/","name":"Sala Reuni\u00e3o - Espa\u00e7o FETAEP","isPartOf":{"@id":"http:\/\/www.fetaep.org.br\/eventos\/#website"},"primaryImageOfPage":{"@id":"http:\/\/www.fetaep.org.br\/eventos\/sala-de-reunioes\/#primaryimage"},"datePublished":"2019-07-08T18:47:53+00:00","dateModified":"2020-04-29T17:02:25+00:00","breadcrumb":{"@id":"http:\/\/www.fetaep.org.br\/eventos\/sala-de-reunioes\/#breadcrumb"},"inLanguage":"pt-BR","potentialAction":[{"@type":"ReadAction","target":["http:\/\/www.fetaep.org.br\/eventos\/sala-de-reunioes\/"]}]},{"@type":"BreadcrumbList","@id":"http:\/\/www.fetaep.org.br\/eventos\/sala-de-reunioes\/#breadcrumb","itemListElement":[{"@type":"ListItem","position":1,"name":"In\u00edcio","item":"http:\/\/www.fetaep.org.br\/eventos\/"},{"@type":"ListItem","position":2,"name":"Sala Reuni\u00e3o"}]}]}},"_links":{"self":[{"href":"http:\/\/www.fetaep.org.br\/eventos\/wp-json\/wp\/v2\/pages\/109"}],"collection":[{"href":"http:\/\/www.fetaep.org.br\/eventos\/wp-json\/wp\/v2\/pages"}],"about":[{"href":"http:\/\/www.fetaep.org.br\/eventos\/wp-json\/wp\/v2\/types\/page"}],"author":[{"embeddable":true,"href":"http:\/\/www.fetaep.org.br\/eventos\/wp-json\/wp\/v2\/users\/1"}],"replies":[{"embeddable":true,"href":"http:\/\/www.fetaep.org.br\/eventos\/wp-json\/wp\/v2\/comments?post=109"}],"version-history":[{"count":4,"href":"http:\/\/www.fetaep.org.br\/eventos\/wp-json\/wp\/v2\/pages\/109\/revisions"}],"predecessor-version":[{"id":149,"href":"http:\/\/www.fetaep.org.br\/eventos\/wp-json\/wp\/v2\/pages\/109\/revisions\/149"}],"wp:attachment":[{"href":"http:\/\/www.fetaep.org.br\/eventos\/wp-json\/wp\/v2\/media?parent=109"}],"curies":[{"name":"wp","href":"https:\/\/api.w.org\/{rel}","templated":true}]}}